{"id":32,"date":"2022-02-10T06:17:03","date_gmt":"2022-02-10T06:17:03","guid":{"rendered":"https:\/\/fastwpdemo.com\/demo\/constrion\/?page_id=32"},"modified":"2025-08-18T20:31:48","modified_gmt":"2025-08-18T20:31:48","slug":"services","status":"publish","type":"page","link":"https:\/\/renoconfort.com\/en\/services\/","title":{"rendered":"Services"},"content":{"rendered":"<div data-elementor-type=\"wp-page\" data-elementor-id=\"32\" class=\"elementor elementor-32\">\n\t\t\t\t\t\t<section class=\"elementor-section elementor-top-section elementor-element elementor-element-16ba0d2 elementor-section-full_width elementor-section-height-default elementor-section-height-default\" data-id=\"16ba0d2\" data-element_type=\"section\">\n\t\t\t\t\t\t<div class=\"elementor-container elementor-column-gap-default\">\n\t\t\t\t\t<div class=\"elementor-column elementor-col-100 elementor-top-column elementor-element elementor-element-29e4a90\" data-id=\"29e4a90\" data-element_type=\"column\">\n\t\t\t<div class=\"elementor-widget-wrap elementor-element-populated\">\n\t\t\t\t\t\t<div class=\"elementor-element elementor-element-60b98ab elementor-widget elementor-widget-constrion_our_experiences\" data-id=\"60b98ab\" data-element_type=\"widget\" data-widget_type=\"constrion_our_experiences.default\">\n\t\t\t\t<div class=\"elementor-widget-container\">\n\t\t\t\t\t    \r\n    <section class=\"services-list\">\r\n        <div class=\"container\">\r\n            <div class=\"row\">\r\n                <div class=\"col-md-12\"><h3 class=\"heading-line wow fadeInLeft\" data-wow-duration=\"0.3s\" data-wow-delay=\"0.3s\">Our services<\/h3><br\/><br\/><\/div>\t\t\t\t                <div class=\"col-sm-6 col-md-3\">\r\n                    <div class=\"services-box wow fadeInLeft\" data-wow-duration=\"0.4s\" data-wow-delay=\"0.4s\">\r\n                        <div class=\"diamond hvr-wobble-horizontal\">\r\n                            <div class=\"icons\">\r\n                                <img decoding=\"async\" src=\"https:\/\/renoconfort.com\/wp-content\/uploads\/2022\/04\/analysis_icon.png\" alt=\"Awesome Image\"> \r\n                                <p>\u00c9valuation<\/p>\r\n                            <\/div>\r\n                        <\/div>\r\n                        <p>We analyze your needs and the condition of your home in order to offer tailored, effective, and sustainable solutions.<\/p>\r\n                    <\/div>\r\n                <\/div>\r\n                                <div class=\"col-sm-6 col-md-3\">\r\n                    <div class=\"services-box wow fadeInLeft\" data-wow-duration=\"0.4s\" data-wow-delay=\"0.4s\">\r\n                        <div class=\"diamond hvr-wobble-horizontal\">\r\n                            <div class=\"icons\">\r\n                                <img decoding=\"async\" src=\"https:\/\/renoconfort.com\/wp-content\/uploads\/2022\/04\/concept_icon.png\" alt=\"Awesome Image\"> \r\n                                <p>Conception<\/p>\r\n                            <\/div>\r\n                        <\/div>\r\n                        <p>We create customized plans and ideas that reflect your tastes, budget, and priorities.<\/p>\r\n                    <\/div>\r\n                <\/div>\r\n                                <div class=\"col-sm-6 col-md-3\">\r\n                    <div class=\"services-box wow fadeInLeft\" data-wow-duration=\"0.4s\" data-wow-delay=\"0.4s\">\r\n                        <div class=\"diamond hvr-wobble-horizontal\">\r\n                            <div class=\"icons\">\r\n                                <img decoding=\"async\" src=\"https:\/\/renoconfort.com\/wp-content\/uploads\/2022\/04\/planning_icon.png\" alt=\"Awesome Image\"> \r\n                                <p>Planification<\/p>\r\n                            <\/div>\r\n                        <\/div>\r\n                        <p>We organize every stage of the project to ensure a clear process, deadlines are met, and a hassle-free result.<\/p>\r\n                    <\/div>\r\n                <\/div>\r\n                                <div class=\"col-sm-6 col-md-3\">\r\n                    <div class=\"services-box wow fadeInLeft\" data-wow-duration=\"0.4s\" data-wow-delay=\"0.4s\">\r\n                        <div class=\"diamond hvr-wobble-horizontal\">\r\n                            <div class=\"icons\">\r\n                                <img decoding=\"async\" src=\"https:\/\/renoconfort.com\/wp-content\/uploads\/2022\/04\/branding_icon.png\" alt=\"Awesome Image\"> \r\n                                <p>Realisation<\/p>\r\n                            <\/div>\r\n                        <\/div>\r\n                        <p>We bring your projects to life with meticulous workmanship, high-quality materials, and impeccable finishes.<\/p>\r\n                    <\/div>\r\n                <\/div>\r\n                   \r\n            <\/div>\r\n        <\/div>\r\n\t<\/section>\r\n    \r\n    \t\t\t\t<\/div>\n\t\t\t\t<\/div>\n\t\t\t\t\t<\/div>\n\t\t<\/div>\n\t\t\t\t\t<\/div>\n\t\t<\/section>\n\t\t\t\t<section class=\"elementor-section elementor-top-section elementor-element elementor-element-0f0f9f2 elementor-section-full_width elementor-section-height-default elementor-section-height-default\" data-id=\"0f0f9f2\" data-element_type=\"section\">\n\t\t\t\t\t\t<div class=\"elementor-container elementor-column-gap-default\">\n\t\t\t\t\t<div class=\"elementor-column elementor-col-100 elementor-top-column elementor-element elementor-element-d75c0a6\" data-id=\"d75c0a6\" data-element_type=\"column\">\n\t\t\t<div class=\"elementor-widget-wrap elementor-element-populated\">\n\t\t\t\t\t\t<div class=\"elementor-element elementor-element-7b1a514 elementor-widget elementor-widget-constrion_skills_and_experiences\" data-id=\"7b1a514\" data-element_type=\"widget\" data-widget_type=\"constrion_skills_and_experiences.default\">\n\t\t\t\t<div class=\"elementor-widget-container\">\n\t\t\t\t\t    \r\n    <section class=\"skills\">\r\n        <div class=\"container\">\r\n            <div class=\"row\">\r\n            \t<div class=\"col-sm-12 col-md-12\">\r\n                \t                    <h3 class=\"heading-line wow fadeInLeft\" data-wow-duration=\"0.3s\" data-wow-delay=\"0.3s\">Skills and experience<\/h3>\r\n\t\t\t\t\t                    \r\n                    <div class=\"row\">\r\n                                                <div class=\"col-sm-4 col-md-4\">\r\n                            <div class=\"skill-box wow bounceIn\" data-wow-duration=\"0.3s\" data-wow-delay=\"0.3s\">\r\n                                <div class=\"icon\"><img decoding=\"async\" src=\"https:\/\/renoconfort.com\/wp-content\/uploads\/2022\/04\/analysis_yellow_icon.png\" alt=\"Awesome Image\"> <\/div>\r\n                                <h4>Analysis<\/h4>\r\n                                <p>We assess your needs and objectives to develop a clear strategy.<\/p>\r\n                            <\/div>\r\n                        <\/div>\r\n                                                <div class=\"col-sm-4 col-md-4\">\r\n                            <div class=\"skill-box wow bounceIn\" data-wow-duration=\"0.3s\" data-wow-delay=\"0.3s\">\r\n                                <div class=\"icon\"><img decoding=\"async\" src=\"https:\/\/renoconfort.com\/wp-content\/uploads\/2022\/04\/creative_yellow_icon.png\" alt=\"Awesome Image\"> <\/div>\r\n                                <h4>Conception<\/h4>\r\n                                <p>We come up with creative solutions tailored to your vision.<\/p>\r\n                            <\/div>\r\n                        <\/div>\r\n                                                <div class=\"col-sm-4 col-md-4\">\r\n                            <div class=\"skill-box wow bounceIn\" data-wow-duration=\"0.3s\" data-wow-delay=\"0.3s\">\r\n                                <div class=\"icon\"><img decoding=\"async\" src=\"https:\/\/renoconfort.com\/wp-content\/uploads\/2022\/04\/integrations_yellow_icon.png\" alt=\"Awesome Image\"> <\/div>\r\n                                <h4>Integration<\/h4>\r\n                                <p>We put the right tools in place to simplify your project.<\/p>\r\n                            <\/div>\r\n                        <\/div>\r\n                                                <div class=\"col-sm-4 col-md-4\">\r\n                            <div class=\"skill-box wow bounceIn\" data-wow-duration=\"0.3s\" data-wow-delay=\"0.3s\">\r\n                                <div class=\"icon\"><img decoding=\"async\" src=\"https:\/\/renoconfort.com\/wp-content\/uploads\/2022\/04\/design_yellow_icon.png\" alt=\"Awesome Image\"> <\/div>\r\n                                <h4>Design<\/h4>\r\n                                <p>We structure your ideas for an aesthetic and functional result.<\/p>\r\n                            <\/div>\r\n                        <\/div>\r\n                                                <div class=\"col-sm-4 col-md-4\">\r\n                            <div class=\"skill-box wow bounceIn\" data-wow-duration=\"0.3s\" data-wow-delay=\"0.3s\">\r\n                                <div class=\"icon\"><img decoding=\"async\" src=\"https:\/\/renoconfort.com\/wp-content\/uploads\/2022\/04\/community_yellow_icon.png\" alt=\"Awesome Image\"> <\/div>\r\n                                <h4>Connexion<\/h4>\r\n                                <p>We bring your project closer to your target audience.<\/p>\r\n                            <\/div>\r\n                        <\/div>\r\n                                                <div class=\"col-sm-4 col-md-4\">\r\n                            <div class=\"skill-box wow bounceIn\" data-wow-duration=\"0.3s\" data-wow-delay=\"0.3s\">\r\n                                <div class=\"icon\"><img decoding=\"async\" src=\"https:\/\/renoconfort.com\/wp-content\/uploads\/2022\/04\/delivery_yellow_icon.png\" alt=\"Awesome Image\"> <\/div>\r\n                                <h4>Delivery<\/h4>\r\n                                <p>We complete your projects quickly, with reliable follow-up.<\/p>\r\n                            <\/div>\r\n                        <\/div>\r\n                                            <\/div>\r\n            \t<\/div>      \r\n            <\/div>\r\n        <\/div>\r\n    <\/section>\r\n        \r\n    \t\t\t\t<\/div>\n\t\t\t\t<\/div>\n\t\t\t\t\t<\/div>\n\t\t<\/div>\n\t\t\t\t\t<\/div>\n\t\t<\/section>\n\t\t\t\t<\/div>","protected":false},"excerpt":{"rendered":"<p>Nos services \u00c9valuation Nous analysons vos besoins et l\u2019\u00e9tat de votre maison afin de proposer des solutions adapt\u00e9es, efficaces et durables. Conception Nous cr\u00e9ons des plans et des id\u00e9es sur mesure qui respectent vos go\u00fbts, votre budget et vos priorit\u00e9s. Planification Nous organisons chaque \u00e9tape du projet pour assurer un d\u00e9roulement clair, des d\u00e9lais respect\u00e9s [&hellip;]<\/p>","protected":false},"author":1,"featured_media":0,"parent":0,"menu_order":0,"comment_status":"closed","ping_status":"closed","template":"tpl-default-elementor.php","meta":{"footnotes":""},"class_list":["post-32","page","type-page","status-publish","hentry"],"aioseo_notices":[],"_hostinger_reach_plugin_has_subscription_block":false,"_hostinger_reach_plugin_is_elementor":false,"_links":{"self":[{"href":"https:\/\/renoconfort.com\/en\/wp-json\/wp\/v2\/pages\/32","targetHints":{"allow":["GET"]}}],"collection":[{"href":"https:\/\/renoconfort.com\/en\/wp-json\/wp\/v2\/pages"}],"about":[{"href":"https:\/\/renoconfort.com\/en\/wp-json\/wp\/v2\/types\/page"}],"author":[{"embeddable":true,"href":"https:\/\/renoconfort.com\/en\/wp-json\/wp\/v2\/users\/1"}],"replies":[{"embeddable":true,"href":"https:\/\/renoconfort.com\/en\/wp-json\/wp\/v2\/comments?post=32"}],"version-history":[{"count":13,"href":"https:\/\/renoconfort.com\/en\/wp-json\/wp\/v2\/pages\/32\/revisions"}],"predecessor-version":[{"id":1792,"href":"https:\/\/renoconfort.com\/en\/wp-json\/wp\/v2\/pages\/32\/revisions\/1792"}],"wp:attachment":[{"href":"https:\/\/renoconfort.com\/en\/wp-json\/wp\/v2\/media?parent=32"}],"curies":[{"name":"wp","href":"https:\/\/api.w.org\/{rel}","templated":true}]}}