{"id":29,"date":"2022-02-10T06:16:16","date_gmt":"2022-02-10T06:16:16","guid":{"rendered":"https:\/\/fastwpdemo.com\/demo\/constrion\/?page_id=29"},"modified":"2025-08-18T19:21:00","modified_gmt":"2025-08-18T19:21:00","slug":"about-us","status":"publish","type":"page","link":"https:\/\/renoconfort.com\/en\/about-us\/","title":{"rendered":"About us"},"content":{"rendered":"<div data-elementor-type=\"wp-page\" data-elementor-id=\"29\" class=\"elementor elementor-29\">\n\t\t\t\t\t\t<section class=\"elementor-section elementor-top-section elementor-element elementor-element-4cdda61 elementor-section-full_width elementor-section-height-default elementor-section-height-default\" data-id=\"4cdda61\" data-element_type=\"section\">\n\t\t\t\t\t\t<div class=\"elementor-container elementor-column-gap-default\">\n\t\t\t\t\t<div class=\"elementor-column elementor-col-100 elementor-top-column elementor-element elementor-element-98e59e0\" data-id=\"98e59e0\" data-element_type=\"column\">\n\t\t\t<div class=\"elementor-widget-wrap elementor-element-populated\">\n\t\t\t\t\t\t<div class=\"elementor-element elementor-element-5e3b591 elementor-widget elementor-widget-constrion_about_us\" data-id=\"5e3b591\" data-element_type=\"widget\" data-widget_type=\"constrion_about_us.default\">\n\t\t\t\t<div class=\"elementor-widget-container\">\n\t\t\t\t\t    \r\n    <section class=\"about\">\r\n    \t<div class=\"container\">\r\n            <div class=\"row\">\r\n                                <div class=\"col-md-12\"><h3 class=\"heading-line wow fadeInLeft\" data-wow-duration=\"0.3s\" data-wow-delay=\"0.3s\">About our company<\/h3><\/div>\r\n                                <div class=\"col-md-6 wow fadeInUp\" data-wow-duration=\"0.4s\" data-wow-delay=\"0.4s\">\r\n                    <div class=\"about-grid\">\r\n                                                <img decoding=\"async\" src=\"https:\/\/renoconfort.com\/wp-content\/uploads\/2022\/04\/about_2.jpg\" class=\"img-responsive hvr-glow\" alt=\"Awesome Image\">\r\n                        <br\/><br\/>\r\n                                                \r\n                        <div class=\"row\">\r\n                                                        <div class=\"col-sm-6 col-md-6\">\r\n                                <ul class=\"list-unstyled check-list\">\r\n                                                                        <li><i class=\"fa fa-check\"><\/i> Complete interior renovations<\/li>\r\n                                                                        <li><i class=\"fa fa-check\"><\/i> Exterior work and facades<\/li>\r\n                                                                        <li><i class=\"fa fa-check\"><\/i> Custom kitchens and bathrooms<\/li>\r\n                                                                    <\/ul>\r\n                            <\/div>\r\n                                                                                    <div class=\"col-sm-6 col-md-6\">\r\n                                <ul class=\"list-unstyled check-list\">\r\n\t\t\t\t\t\t\t\t\t                                    <li><i class=\"fa fa-check\"><\/i> Basement conversion<\/li>\r\n                                                                        <li><i class=\"fa fa-check\"><\/i> Custom design and plans<\/li>\r\n                                                                        <li><i class=\"fa fa-check\"><\/i> Modernization and aesthetic updates<\/li>\r\n                                                                    \r\n                                <\/ul>\r\n                            <\/div>\r\n                                                    <\/div>\r\n                            \r\n                    <\/div>\r\n                <\/div>\r\n                <div class=\"col-md-6 wow fadeInDown\" data-wow-duration=\"0.5s\" data-wow-delay=\"0.5s\">\r\n                    \r\n\t\t\t\t\t<p>We are a passionate team specializing in residential and commercial renovation. Each project is unique, and we strive to offer personalized service that goes beyond generic solutions. Always on the lookout for new techniques and trends, we bring modern and effective ideas to bring your projects to life, whether it's improving an existing space or completely transforming it.<\/p>\n                <p>We work on both small projects and large-scale renovations. Our goal is simple: to understand your needs and deliver results that are durable, attractive, and within your budget. Through clear communication and rigorous management, we ensure a hassle-free experience and spaces that exceed your expectations.<\/p>\n<br>                    \r\n\t\t\t\t\t                    <a href=\"\/en\/contact\/\" class=\"btn orange-line-btn hvr-bounce-to-right pull-right btn-lg\">Request a quote<\/a>\r\n                \t                <\/div>\r\n                \r\n            <\/div>\r\n    \t<\/div>\r\n    <\/section>\r\n            \r\n    \t\t\t\t<\/div>\n\t\t\t\t<\/div>\n\t\t\t\t\t<\/div>\n\t\t<\/div>\n\t\t\t\t\t<\/div>\n\t\t<\/section>\n\t\t\t\t<section class=\"elementor-section elementor-top-section elementor-element elementor-element-111092b elementor-section-full_width elementor-section-height-default elementor-section-height-default\" data-id=\"111092b\" data-element_type=\"section\">\n\t\t\t\t\t\t<div class=\"elementor-container elementor-column-gap-default\">\n\t\t\t\t\t<div class=\"elementor-column elementor-col-100 elementor-top-column elementor-element elementor-element-9dea4bd\" data-id=\"9dea4bd\" data-element_type=\"column\">\n\t\t\t<div class=\"elementor-widget-wrap elementor-element-populated\">\n\t\t\t\t\t\t<div class=\"elementor-element elementor-element-ebb777c elementor-widget elementor-widget-constrion_team_v2\" data-id=\"ebb777c\" data-element_type=\"widget\" data-widget_type=\"constrion_team_v2.default\">\n\t\t\t\t<div class=\"elementor-widget-container\">\n\t\t\t\t\t        \r\n        <section class=\"team\">\r\n            <div class=\"container\">\r\n                <div class=\"row\">\r\n                    <div class=\"col-sm-12 col-md-12\">\r\n                        <h3 class=\"heading-line wow fadeInLeft\" data-wow-duration=\"0.4s\" data-wow-delay=\"0.4s\">Our team<\/h3>                        <div class=\"members-grid\">\r\n                            <div class=\"row\">\r\n                                                                <div class=\"col-sm-6 col-md-3\">\r\n                                    <div class=\"thumbnail hvr-bounce-to-bottom wow fadeInLeft\" data-wow-duration=\"0.4s\" data-wow-delay=\"0.4s\">\r\n                                        <a href=\"\">\r\n                                          \t<img fetchpriority=\"high\" decoding=\"async\" width=\"269\" height=\"279\" src=\"https:\/\/renoconfort.com\/wp-content\/uploads\/2022\/04\/member_1.jpg\" class=\"hvr-grow wp-post-image\" alt=\"\" \/>                                        <\/a>\r\n                                        <div class=\"caption wow fadeInUp\" data-wow-duration=\"0.8s\" data-wow-delay=\"0.8s\">\r\n                                            <h3><a href=\"\">Jack<\/a><\/h3>\r\n                                            <p><\/p>\r\n                                                                                        <ul class=\"list-inline social-list\">\r\n\t\t\t\t\t\t\t\t\t\t\t                                            <\/ul>\r\n                                             \r\n                                    \t<\/div>\r\n                                \t<\/div>\r\n                                <\/div>\r\n                                                                <div class=\"col-sm-6 col-md-3\">\r\n                                    <div class=\"thumbnail hvr-bounce-to-bottom wow fadeInLeft\" data-wow-duration=\"0.4s\" data-wow-delay=\"0.4s\">\r\n                                        <a href=\"\">\r\n                                          \t<img decoding=\"async\" width=\"268\" height=\"279\" src=\"https:\/\/renoconfort.com\/wp-content\/uploads\/2022\/04\/member_2.jpg\" class=\"hvr-grow wp-post-image\" alt=\"\" \/>                                        <\/a>\r\n                                        <div class=\"caption wow fadeInUp\" data-wow-duration=\"0.8s\" data-wow-delay=\"0.8s\">\r\n                                            <h3><a href=\"\">Garry<\/a><\/h3>\r\n                                            <p><\/p>\r\n                                                                                        <ul class=\"list-inline social-list\">\r\n\t\t\t\t\t\t\t\t\t\t\t                                            <\/ul>\r\n                                             \r\n                                    \t<\/div>\r\n                                \t<\/div>\r\n                                <\/div>\r\n                                                                <div class=\"col-sm-6 col-md-3\">\r\n                                    <div class=\"thumbnail hvr-bounce-to-bottom wow fadeInLeft\" data-wow-duration=\"0.4s\" data-wow-delay=\"0.4s\">\r\n                                        <a href=\"\">\r\n                                          \t<img decoding=\"async\" width=\"269\" height=\"279\" src=\"https:\/\/renoconfort.com\/wp-content\/uploads\/2022\/04\/member_3.jpg\" class=\"hvr-grow wp-post-image\" alt=\"\" \/>                                        <\/a>\r\n                                        <div class=\"caption wow fadeInUp\" data-wow-duration=\"0.8s\" data-wow-delay=\"0.8s\">\r\n                                            <h3><a href=\"\">John<\/a><\/h3>\r\n                                            <p><\/p>\r\n                                                                                        <ul class=\"list-inline social-list\">\r\n\t\t\t\t\t\t\t\t\t\t\t                                            <\/ul>\r\n                                             \r\n                                    \t<\/div>\r\n                                \t<\/div>\r\n                                <\/div>\r\n                                                                <div class=\"col-sm-6 col-md-3\">\r\n                                    <div class=\"thumbnail hvr-bounce-to-bottom wow fadeInLeft\" data-wow-duration=\"0.4s\" data-wow-delay=\"0.4s\">\r\n                                        <a href=\"\">\r\n                                          \t<img loading=\"lazy\" decoding=\"async\" width=\"211\" height=\"279\" src=\"https:\/\/renoconfort.com\/wp-content\/uploads\/2022\/04\/member_4.jpg\" class=\"hvr-grow wp-post-image\" alt=\"\" \/>                                        <\/a>\r\n                                        <div class=\"caption wow fadeInUp\" data-wow-duration=\"0.8s\" data-wow-delay=\"0.8s\">\r\n                                            <h3><a href=\"\">David<\/a><\/h3>\r\n                                            <p><\/p>\r\n                                                                                        <ul class=\"list-inline social-list\">\r\n\t\t\t\t\t\t\t\t\t\t\t                                            <\/ul>\r\n                                             \r\n                                    \t<\/div>\r\n                                \t<\/div>\r\n                                <\/div>\r\n                                                            <\/div>\r\n                    \t<\/div>\r\n                    <\/div>      \r\n                <\/div>\r\n            <\/div>\r\n        <\/section>\r\n        \t\t\r\n        \t\t\t\t<\/div>\n\t\t\t\t<\/div>\n\t\t\t\t\t<\/div>\n\t\t<\/div>\n\t\t\t\t\t<\/div>\n\t\t<\/section>\n\t\t\t\t<section class=\"elementor-section elementor-top-section elementor-element elementor-element-1f35470 elementor-section-full_width elementor-section-height-default elementor-section-height-default\" data-id=\"1f35470\" data-element_type=\"section\">\n\t\t\t\t\t\t<div class=\"elementor-container elementor-column-gap-default\">\n\t\t\t\t\t<div class=\"elementor-column elementor-col-100 elementor-top-column elementor-element elementor-element-f275ef1\" data-id=\"f275ef1\" data-element_type=\"column\">\n\t\t\t<div class=\"elementor-widget-wrap elementor-element-populated\">\n\t\t\t\t\t\t<div class=\"elementor-element elementor-element-9d2793f elementor-widget elementor-widget-constrion_our_testimonials_v2\" data-id=\"9d2793f\" data-element_type=\"widget\" data-widget_type=\"constrion_our_testimonials_v2.default\">\n\t\t\t\t<div class=\"elementor-widget-container\">\n\t\t\t\t\t        \r\n        <section class=\"testimonial\" style=\"background-image: url(https:\/\/renoconfort.com\/wp-content\/uploads\/2022\/04\/testimonial_bg.jpg)\">\r\n            <div class=\"container\">\r\n                <div class=\"row\">\r\n                    <div class=\"col-md-12\">\r\n                        <h2 class=\"heading-line text-center\">What our customers say about us<\/h2>                        \r\n                        <div id=\"carousel-testimonial\" class=\"carousel slide\" data-ride=\"carousel\">\r\n                            <!-- Indicators -->\r\n                            <ol class=\"carousel-indicators\">\r\n                                                                <li data-target=\"#carousel-testimonial\" data-slide-to=\"0\" class=\"active\"><\/li>\r\n                                                                <li data-target=\"#carousel-testimonial\" data-slide-to=\"1\" class=\"\"><\/li>\r\n                                                                <li data-target=\"#carousel-testimonial\" data-slide-to=\"2\" class=\"\"><\/li>\r\n                                                            <\/ol>\r\n                            <!-- Wrapper for slides -->\r\n                            <div class=\"carousel-inner\" role=\"listbox\">\r\n                                                                <div class=\"item active\">\r\n                                    <div class=\"clients-name\">\r\n                                        <span class=\"testimonial_arrow_left\"><\/span>\r\n                                        <span class=\"testimonial_arrow_right\"><\/span>\r\n                                        <p><strong>Sophie R<\/strong><\/p>\r\n                                        <p><\/p>\r\n                                    <\/div>\r\n                                    <div class=\"carousel-caption\">\r\n                                    \t<p>I was afraid that the renovations would be complicated, but everything was simple and well organized. The result: a beautiful basement that's ready to welcome the whole family!<\/p>\r\n                                    <\/div>\r\n                                <\/div>\r\n                                                                <div class=\"item\">\r\n                                    <div class=\"clients-name\">\r\n                                        <span class=\"testimonial_arrow_left\"><\/span>\r\n                                        <span class=\"testimonial_arrow_right\"><\/span>\r\n                                        <p><strong>Marc D.<\/strong><\/p>\r\n                                        <p><\/p>\r\n                                    <\/div>\r\n                                    <div class=\"carousel-caption\">\r\n                                    \t<p>Careful work, deadlines met, and excellent communication. My fa\u00e7ade is unrecognizable, and my neighbors keep complimenting the result.<\/p>\r\n                                    <\/div>\r\n                                <\/div>\r\n                                                                <div class=\"item\">\r\n                                    <div class=\"clients-name\">\r\n                                        <span class=\"testimonial_arrow_left\"><\/span>\r\n                                        <span class=\"testimonial_arrow_right\"><\/span>\r\n                                        <p><strong>Julie L.<\/strong><\/p>\r\n                                        <p><\/p>\r\n                                    <\/div>\r\n                                    <div class=\"carousel-caption\">\r\n                                    \t<p>Impeccable service from start to finish! The team understood exactly what I wanted and transformed my kitchen into a modern and functional space. I would recommend them without hesitation!<\/p>\r\n                                    <\/div>\r\n                                <\/div>\r\n                                                            <\/div>\r\n                                \r\n                        <\/div>\r\n                    <\/div>\r\n                <\/div>\r\n            <\/div>        \r\n        <\/section>\r\n        \r\n        \t\t\t\t<\/div>\n\t\t\t\t<\/div>\n\t\t\t\t\t<\/div>\n\t\t<\/div>\n\t\t\t\t\t<\/div>\n\t\t<\/section>\n\t\t\t\t<\/div>","protected":false},"excerpt":{"rendered":"<p>\u00c0 propos de notre entreprise R\u00e9novations int\u00e9rieures compl\u00e8tes Travaux ext\u00e9rieurs et fa\u00e7ades Cuisines et salles de bain sur mesure Am\u00e9nagement de sous-sols Conception et plans personnalis\u00e9s Modernisation et mises \u00e0 jour esth\u00e9tiques Nous sommes une \u00e9quipe passionn\u00e9e sp\u00e9cialis\u00e9e en r\u00e9novation r\u00e9sidentielle et commerciale. Chaque projet est unique et nous mettons tout en \u0153uvre pour offrir [&hellip;]<\/p>","protected":false},"author":1,"featured_media":0,"parent":0,"menu_order":0,"comment_status":"closed","ping_status":"closed","template":"tpl-default-elementor.php","meta":{"footnotes":""},"class_list":["post-29","page","type-page","status-publish","hentry"],"aioseo_notices":[],"_hostinger_reach_plugin_has_subscription_block":false,"_hostinger_reach_plugin_is_elementor":false,"_links":{"self":[{"href":"https:\/\/renoconfort.com\/en\/wp-json\/wp\/v2\/pages\/29","targetHints":{"allow":["GET"]}}],"collection":[{"href":"https:\/\/renoconfort.com\/en\/wp-json\/wp\/v2\/pages"}],"about":[{"href":"https:\/\/renoconfort.com\/en\/wp-json\/wp\/v2\/types\/page"}],"author":[{"embeddable":true,"href":"https:\/\/renoconfort.com\/en\/wp-json\/wp\/v2\/users\/1"}],"replies":[{"embeddable":true,"href":"https:\/\/renoconfort.com\/en\/wp-json\/wp\/v2\/comments?post=29"}],"version-history":[{"count":11,"href":"https:\/\/renoconfort.com\/en\/wp-json\/wp\/v2\/pages\/29\/revisions"}],"predecessor-version":[{"id":1779,"href":"https:\/\/renoconfort.com\/en\/wp-json\/wp\/v2\/pages\/29\/revisions\/1779"}],"wp:attachment":[{"href":"https:\/\/renoconfort.com\/en\/wp-json\/wp\/v2\/media?parent=29"}],"curies":[{"name":"wp","href":"https:\/\/api.w.org\/{rel}","templated":true}]}}